{"id":67,"date":"2025-08-03T18:19:05","date_gmt":"2025-08-03T21:19:05","guid":{"rendered":"https:\/\/adur.org.uy\/sabercumplir\/?page_id=67"},"modified":"2025-09-30T22:42:16","modified_gmt":"2025-10-01T01:42:16","slug":"plataforma","status":"publish","type":"page","link":"https:\/\/adur.org.uy\/sabercumplir\/plataforma\/","title":{"rendered":"Plataforma"},"content":{"rendered":"\n<ol class=\"wp-block-list\">\n<li>Reivindicamos y exigimos se efectivice del PBI el 6% para la educaci\u00f3n p\u00fablica + 1% para investigaci\u00f3n.<\/li>\n\n\n\n<li>Incremento de la masa salarial de la UdelaR para llegar a que un grado 1 &#8211; 20 horas semanales gane $30.000 y haya una mejora general del salario, modificando la escala salarial de acuerdo a lo resuelto en la Convenci\u00f3n de ADUR.<\/li>\n\n\n\n<li>Fondos que garanticen el desarrollo de la carrera docente, superar situaciones consolidadas de precariedad y propender a la profesionalizaci\u00f3n de la actividad acad\u00e9mica.<\/li>\n\n\n\n<li>Fondos para el R\u00e9gimen de DT<\/li>\n\n\n\n<li>Fondos para mejoras edilicias y su mantenimiento y para mantenimiento y compra de equipamiento.<\/li>\n\n\n\n<li>Financiar la estrategia integral de cuidados que se est\u00e1 impulsando en la Udelar, para construir mejores condiciones de trabajo, m\u00e1s justas e igualitarias. Adem\u00e1s, afianzar las propuestas para atenci\u00f3n a la salud mental que se vienen delineando.<\/li>\n\n\n\n<li>Financiar m\u00e1s horas docentes para atender el crecimiento de la matr\u00edcula estudiantil.<\/li>\n<\/ol>\n","protected":false},"excerpt":{"rendered":"","protected":false},"author":1,"featured_media":0,"parent":0,"menu_order":0,"comment_status":"closed","ping_status":"closed","template":"","meta":{"footnotes":""},"class_list":["post-67","page","type-page","status-publish","hentry"],"_links":{"self":[{"href":"https:\/\/adur.org.uy\/sabercumplir\/wp-json\/wp\/v2\/pages\/67","targetHints":{"allow":["GET"]}}],"collection":[{"href":"https:\/\/adur.org.uy\/sabercumplir\/wp-json\/wp\/v2\/pages"}],"about":[{"href":"https:\/\/adur.org.uy\/sabercumplir\/wp-json\/wp\/v2\/types\/page"}],"author":[{"embeddable":true,"href":"https:\/\/adur.org.uy\/sabercumplir\/wp-json\/wp\/v2\/users\/1"}],"replies":[{"embeddable":true,"href":"https:\/\/adur.org.uy\/sabercumplir\/wp-json\/wp\/v2\/comments?post=67"}],"version-history":[{"count":3,"href":"https:\/\/adur.org.uy\/sabercumplir\/wp-json\/wp\/v2\/pages\/67\/revisions"}],"predecessor-version":[{"id":178,"href":"https:\/\/adur.org.uy\/sabercumplir\/wp-json\/wp\/v2\/pages\/67\/revisions\/178"}],"wp:attachment":[{"href":"https:\/\/adur.org.uy\/sabercumplir\/wp-json\/wp\/v2\/media?parent=67"}],"curies":[{"name":"wp","href":"https:\/\/api.w.org\/{rel}","templated":true}]}}